{"id":412,"date":"2018-11-14T19:23:58","date_gmt":"2018-11-14T19:23:58","guid":{"rendered":"http:\/\/test.casino-zollverein.de\/?page_id=412"},"modified":"2024-11-04T11:43:02","modified_gmt":"2024-11-04T10:43:02","slug":"reservieren","status":"publish","type":"page","link":"https:\/\/casino-zollverein.de\/index.php\/reservieren\/","title":{"rendered":"Reservieren"},"content":{"rendered":"<p>&lt;p&gt;&lt;p&gt;\n<style type=\"text\/css\" data-created_by=\"avia_inline_auto\" id=\"style-css-av-g8a9o-9e7e8554942aa8440dccc361519a0398\">\n.flex_column.av-g8a9o-9e7e8554942aa8440dccc361519a0398{\nborder-radius:0px 0px 0px 0px;\npadding:0px 0px 0px 0px;\n}\n<\/style>\n<div  class='flex_column av-g8a9o-9e7e8554942aa8440dccc361519a0398 av_one_half  avia-builder-el-0  el_before_av_one_half  avia-builder-el-first  first flex_column_div av-zero-column-padding  '     ><style type=\"text\/css\" data-created_by=\"avia_inline_auto\" id=\"style-css-av-jzv4ksuk-2e7d0531058795dc133bf955e9a0513a\">\n#top .av_textblock_section.av-jzv4ksuk-2e7d0531058795dc133bf955e9a0513a .avia_textblock{\nfont-size:14px;\n}\n<\/style>\n<section  class='av_textblock_section av-jzv4ksuk-2e7d0531058795dc133bf955e9a0513a '   itemscope=\"itemscope\" itemtype=\"https:\/\/schema.org\/CreativeWork\" ><div class='avia_textblock'  itemprop=\"text\" ><p>&lt;br \/&gt;&lt;strong&gt;Restaurant:&lt;\/strong&gt;&lt;br \/&gt;Montag RuhetagDienstag \u2013 Freitag&lt;br \/&gt;17:30 \u2013 22:00 UhrSamstag &amp; Sonntag&lt;br \/&gt;13:00 \u2013 22:00 Uhr&lt;strong&gt;Aktuell bieten wir Sonntags KEINEN Brunch an!&lt;\/strong&gt;&lt;strong&gt;Sommergarten:&lt;\/strong&gt;&lt;br \/&gt;Montag RuhetagDienstag \u2013 Sonntag&lt;br \/&gt;11:30 \u2013 20:00 Uhr&lt;br \/&gt;(je nach Wetterlage)&lt;strong&gt;Kontaktieren Sie uns unter:&lt;\/strong&gt;Tel: +49 201.830 240&lt;br \/&gt;&lt;a href=&#8220;mailto:info@casino-zollverein.de&#8220; data-mce-href=&#8220;mailto:info@casino-zollverein.de&#8220;&gt;info@casino-zollverein.de&lt;\/a&gt;Schacht XII \/ Halle A9&lt;br \/&gt;Gelsenkirchener Stra\u00dfe 181&lt;br \/&gt;45309 Essen&lt;br \/&gt;Oder senden Sie uns ein Fax:&lt;br \/&gt;+49 201 83024 11&lt;br \/&gt;<\/p>\n<\/div><\/section><\/div>\n<style type=\"text\/css\" data-created_by=\"avia_inline_auto\" id=\"style-css-av-6z4fw-7940c28374970edf160a6b0d125ed7bc\">\n.flex_column.av-6z4fw-7940c28374970edf160a6b0d125ed7bc{\nborder-radius:0px 0px 0px 0px;\npadding:0px 0px 0px 0px;\n}\n<\/style>\n<div  class='flex_column av-6z4fw-7940c28374970edf160a6b0d125ed7bc av_one_half  avia-builder-el-2  el_after_av_one_half  avia-builder-el-last  flex_column_div av-zero-column-padding  '     ><p>&lt;br \/&gt;\n<style type=\"text\/css\" data-created_by=\"avia_inline_auto\" id=\"style-css-av-7udfw-1d671f1fd81da1c8a4e276e266d10651\">\n#top .av-special-heading.av-7udfw-1d671f1fd81da1c8a4e276e266d10651{\npadding-bottom:10px;\n}\nbody .av-special-heading.av-7udfw-1d671f1fd81da1c8a4e276e266d10651 .av-special-heading-tag .heading-char{\nfont-size:25px;\n}\n.av-special-heading.av-7udfw-1d671f1fd81da1c8a4e276e266d10651 .av-subheading{\nfont-size:15px;\n}\n<\/style>\n<div  class='av-special-heading av-7udfw-1d671f1fd81da1c8a4e276e266d10651 av-special-heading-h3 blockquote modern-quote  avia-builder-el-4  el_after_av_codeblock  el_before_av_textblock '><h3 class='av-special-heading-tag '  itemprop=\"headline\"  >Events reservieren<\/h3><div class=\"special-heading-border\"><div class=\"special-heading-inner-border\"><\/div><\/div><\/div>\n<style type=\"text\/css\" data-created_by=\"avia_inline_auto\" id=\"style-css-av-k1dpffh8-509cd562232b4be84a146a9f9c780ae7\">\n#top .av_textblock_section.av-k1dpffh8-509cd562232b4be84a146a9f9c780ae7 .avia_textblock{\nfont-size:14px;\n}\n<\/style>\n<section  class='av_textblock_section av-k1dpffh8-509cd562232b4be84a146a9f9c780ae7 '   itemscope=\"itemscope\" itemtype=\"https:\/\/schema.org\/CreativeWork\" ><div class='avia_textblock'  itemprop=\"text\" ><p>&lt;br \/&gt;Falls eine Reservierung \u00fcber das System nicht m\u00f6glich ist, pr\u00fcfen Sie bitte zun\u00e4chst unseren &lt;b&gt;Eventkalender&lt;\/b&gt;. Feiertagsveranstaltungen sind hier beispielsweise gesondert aufgef\u00fchrt.\u201c&lt;br \/&gt;<\/p>\n<\/div><\/section>&lt;br \/&gt;<\/p><\/div>&lt;\/p&gt;<\/p>\n","protected":false},"excerpt":{"rendered":"<p>&lt;p&gt;&lt;p&gt;&lt;\/p&gt;<\/p>\n","protected":false},"author":3,"featured_media":0,"parent":0,"menu_order":0,"comment_status":"closed","ping_status":"closed","template":"","meta":{"footnotes":""},"class_list":["post-412","page","type-page","status-publish","hentry"],"yoast_head":"<!-- This site is optimized with the Yoast SEO plugin v27.1.1 - https:\/\/yoast.com\/product\/yoast-seo-wordpress\/ -->\n<title>Reservieren - Willkommen im Casino Zollverein<\/title>\n<meta name=\"robots\" content=\"index, follow, max-snippet:-1, max-image-preview:large, max-video-preview:-1\" \/>\n<link rel=\"canonical\" href=\"https:\/\/casino-zollverein.de\/index.php\/reservieren\/\" \/>\n<meta property=\"og:locale\" content=\"de_DE\" \/>\n<meta property=\"og:type\" content=\"article\" \/>\n<meta property=\"og:title\" content=\"Reservieren - Willkommen im Casino Zollverein\" \/>\n<meta property=\"og:description\" content=\"&lt;p&gt;&lt;p&gt;&lt;\/p&gt;\" \/>\n<meta property=\"og:url\" content=\"https:\/\/casino-zollverein.de\/index.php\/reservieren\/\" \/>\n<meta property=\"og:site_name\" content=\"Willkommen im Casino Zollverein\" \/>\n<meta property=\"article:modified_time\" content=\"2024-11-04T10:43:02+00:00\" \/>\n<meta name=\"twitter:card\" content=\"summary_large_image\" \/>\n<meta name=\"twitter:label1\" content=\"Gesch\u00e4tzte Lesezeit\" \/>\n\t<meta name=\"twitter:data1\" content=\"2\u00a0Minuten\" \/>\n<script type=\"application\/ld+json\" class=\"yoast-schema-graph\">{\"@context\":\"https:\/\/schema.org\",\"@graph\":[{\"@type\":\"WebPage\",\"@id\":\"https:\/\/casino-zollverein.de\/index.php\/reservieren\/\",\"url\":\"https:\/\/casino-zollverein.de\/index.php\/reservieren\/\",\"name\":\"Reservieren - Willkommen im Casino Zollverein\",\"isPartOf\":{\"@id\":\"https:\/\/casino-zollverein.de\/#website\"},\"datePublished\":\"2018-11-14T19:23:58+00:00\",\"dateModified\":\"2024-11-04T10:43:02+00:00\",\"breadcrumb\":{\"@id\":\"https:\/\/casino-zollverein.de\/index.php\/reservieren\/#breadcrumb\"},\"inLanguage\":\"de\",\"potentialAction\":[{\"@type\":\"ReadAction\",\"target\":[\"https:\/\/casino-zollverein.de\/index.php\/reservieren\/\"]}]},{\"@type\":\"BreadcrumbList\",\"@id\":\"https:\/\/casino-zollverein.de\/index.php\/reservieren\/#breadcrumb\",\"itemListElement\":[{\"@type\":\"ListItem\",\"position\":1,\"name\":\"Startseite\",\"item\":\"https:\/\/casino-zollverein.de\/\"},{\"@type\":\"ListItem\",\"position\":2,\"name\":\"Reservieren\"}]},{\"@type\":\"WebSite\",\"@id\":\"https:\/\/casino-zollverein.de\/#website\",\"url\":\"https:\/\/casino-zollverein.de\/\",\"name\":\"Willkommen im Casino Zollverein\",\"description\":\"Willkommen im Casino Zollverein\",\"potentialAction\":[{\"@type\":\"SearchAction\",\"target\":{\"@type\":\"EntryPoint\",\"urlTemplate\":\"https:\/\/casino-zollverein.de\/?s={search_term_string}\"},\"query-input\":{\"@type\":\"PropertyValueSpecification\",\"valueRequired\":true,\"valueName\":\"search_term_string\"}}],\"inLanguage\":\"de\"}]}<\/script>\n<!-- \/ Yoast SEO plugin. -->","yoast_head_json":{"title":"Reservieren - Willkommen im Casino Zollverein","robots":{"index":"index","follow":"follow","max-snippet":"max-snippet:-1","max-image-preview":"max-image-preview:large","max-video-preview":"max-video-preview:-1"},"canonical":"https:\/\/casino-zollverein.de\/index.php\/reservieren\/","og_locale":"de_DE","og_type":"article","og_title":"Reservieren - Willkommen im Casino Zollverein","og_description":"&lt;p&gt;&lt;p&gt;&lt;\/p&gt;","og_url":"https:\/\/casino-zollverein.de\/index.php\/reservieren\/","og_site_name":"Willkommen im Casino Zollverein","article_modified_time":"2024-11-04T10:43:02+00:00","twitter_card":"summary_large_image","twitter_misc":{"Gesch\u00e4tzte Lesezeit":"2\u00a0Minuten"},"schema":{"@context":"https:\/\/schema.org","@graph":[{"@type":"WebPage","@id":"https:\/\/casino-zollverein.de\/index.php\/reservieren\/","url":"https:\/\/casino-zollverein.de\/index.php\/reservieren\/","name":"Reservieren - Willkommen im Casino Zollverein","isPartOf":{"@id":"https:\/\/casino-zollverein.de\/#website"},"datePublished":"2018-11-14T19:23:58+00:00","dateModified":"2024-11-04T10:43:02+00:00","breadcrumb":{"@id":"https:\/\/casino-zollverein.de\/index.php\/reservieren\/#breadcrumb"},"inLanguage":"de","potentialAction":[{"@type":"ReadAction","target":["https:\/\/casino-zollverein.de\/index.php\/reservieren\/"]}]},{"@type":"BreadcrumbList","@id":"https:\/\/casino-zollverein.de\/index.php\/reservieren\/#breadcrumb","itemListElement":[{"@type":"ListItem","position":1,"name":"Startseite","item":"https:\/\/casino-zollverein.de\/"},{"@type":"ListItem","position":2,"name":"Reservieren"}]},{"@type":"WebSite","@id":"https:\/\/casino-zollverein.de\/#website","url":"https:\/\/casino-zollverein.de\/","name":"Willkommen im Casino Zollverein","description":"Willkommen im Casino Zollverein","potentialAction":[{"@type":"SearchAction","target":{"@type":"EntryPoint","urlTemplate":"https:\/\/casino-zollverein.de\/?s={search_term_string}"},"query-input":{"@type":"PropertyValueSpecification","valueRequired":true,"valueName":"search_term_string"}}],"inLanguage":"de"}]}},"_links":{"self":[{"href":"https:\/\/casino-zollverein.de\/index.php\/wp-json\/wp\/v2\/pages\/412","targetHints":{"allow":["GET"]}}],"collection":[{"href":"https:\/\/casino-zollverein.de\/index.php\/wp-json\/wp\/v2\/pages"}],"about":[{"href":"https:\/\/casino-zollverein.de\/index.php\/wp-json\/wp\/v2\/types\/page"}],"author":[{"embeddable":true,"href":"https:\/\/casino-zollverein.de\/index.php\/wp-json\/wp\/v2\/users\/3"}],"replies":[{"embeddable":true,"href":"https:\/\/casino-zollverein.de\/index.php\/wp-json\/wp\/v2\/comments?post=412"}],"version-history":[{"count":23,"href":"https:\/\/casino-zollverein.de\/index.php\/wp-json\/wp\/v2\/pages\/412\/revisions"}],"predecessor-version":[{"id":1141,"href":"https:\/\/casino-zollverein.de\/index.php\/wp-json\/wp\/v2\/pages\/412\/revisions\/1141"}],"wp:attachment":[{"href":"https:\/\/casino-zollverein.de\/index.php\/wp-json\/wp\/v2\/media?parent=412"}],"curies":[{"name":"wp","href":"https:\/\/api.w.org\/{rel}","templated":true}]}}