{"id":358,"date":"2018-10-25T15:45:27","date_gmt":"2018-10-25T15:45:27","guid":{"rendered":"https:\/\/empirecouture.de\/?page_id=358"},"modified":"2018-11-14T19:35:40","modified_gmt":"2018-11-14T19:35:40","slug":"catering","status":"publish","type":"page","link":"https:\/\/casino-zollverein.de\/index.php\/catering\/","title":{"rendered":"Catering"},"content":{"rendered":"<div id='full_slider_1'  class='avia-fullwidth-slider main_color avia-shadow   avia-builder-el-0  el_before_av_hr  avia-builder-el-first   container_wrap sidebar_right'  ><div  class='avia-slideshow av-jnorehq6-381b02336fe3eac01ca5d5f41d898310 avia-slideshow-featured av_slideshow_full avia-slide-slider av-slideshow-ui av-control-default av-slideshow-manual av-loop-once av-loop-manual-endless av-default-height-applied   avia-slideshow-1' data-slideshow-options=\"{&quot;animation&quot;:&quot;slide&quot;,&quot;autoplay&quot;:false,&quot;loop_autoplay&quot;:&quot;once&quot;,&quot;interval&quot;:5,&quot;loop_manual&quot;:&quot;manual-endless&quot;,&quot;autoplay_stopper&quot;:false,&quot;noNavigation&quot;:false,&quot;bg_slider&quot;:false,&quot;keep_padding&quot;:false,&quot;hoverpause&quot;:false,&quot;show_slide_delay&quot;:0}\"  itemprop=\"image\" itemscope=\"itemscope\" itemtype=\"https:\/\/schema.org\/ImageObject\" ><ul class='avia-slideshow-inner ' style='padding-bottom: 41.9921875%;'><li  class='avia-slideshow-slide av-jnorehq6-381b02336fe3eac01ca5d5f41d898310__0  av-single-slide slide-1 slide-odd'><div data-rel='slideshow-1' class='avia-slide-wrap '   ><img fetchpriority=\"high\" class=\"wp-image-359 avia-img-lazy-loading-not-359\"  src='https:\/\/casino-zollverein.de\/wp-content\/uploads\/2018\/10\/catering-casino-zollverein-header-1024x520-1024x430.jpg' width='1024' height='430' title='catering-casino-zollverein-header-1024x520' alt=''  itemprop=\"thumbnailUrl\"   \/><\/div><\/li><\/ul><\/div><\/div><div id='after_full_slider_1'  class='main_color av_default_container_wrap container_wrap sidebar_right'  ><div class='container av-section-cont-open' ><div class='template-page content  av-content-small alpha units'><div class='post-entry post-entry-type-page post-entry-358'><div class='entry-content-wrapper clearfix'>\n\n<style type=\"text\/css\" data-created_by=\"avia_inline_auto\" id=\"style-css-av-jiez20a4-3f02d4d6576ea1079afd24dcba4e2cf6\">\n#top .hr.av-jiez20a4-3f02d4d6576ea1079afd24dcba4e2cf6{\nmargin-top:30px;\nmargin-bottom:30px;\n}\n.hr.av-jiez20a4-3f02d4d6576ea1079afd24dcba4e2cf6 .hr-inner{\nwidth:50px;\nborder-color:rgba(255,255,255,0.01);\nmax-width:45%;\n}\n<\/style>\n<div  class='hr av-jiez20a4-3f02d4d6576ea1079afd24dcba4e2cf6 hr-custom  avia-builder-el-1  el_after_av_slideshow_full  el_before_av_heading  avia-builder-el-first  hr-center hr-icon-yes'><span class='hr-inner inner-border-av-border-thin'><span class=\"hr-inner-style\"><\/span><\/span><span class='av-seperator-icon avia-iconfont avia-font-entypo-fontello' data-av_icon='\ue808' data-av_iconfont='entypo-fontello' ><\/span><span class='hr-inner inner-border-av-border-thin'><span class=\"hr-inner-style\"><\/span><\/span><\/div>\n\n<style type=\"text\/css\" data-created_by=\"avia_inline_auto\" id=\"style-css-av-av_heading-b04fea9fae329fed5d95ef96109aa6c8\">\n#top .av-special-heading.av-av_heading-b04fea9fae329fed5d95ef96109aa6c8{\npadding-bottom:10px;\n}\nbody .av-special-heading.av-av_heading-b04fea9fae329fed5d95ef96109aa6c8 .av-special-heading-tag .heading-char{\nfont-size:25px;\n}\n.av-special-heading.av-av_heading-b04fea9fae329fed5d95ef96109aa6c8 .av-subheading{\nfont-size:15px;\n}\n<\/style>\n<div  class='av-special-heading av-av_heading-b04fea9fae329fed5d95ef96109aa6c8 av-special-heading-h3 blockquote modern-quote  avia-builder-el-2  el_after_av_hr  el_before_av_one_half '><h3 class='av-special-heading-tag '  itemprop=\"headline\"  >2 oder 2000 G\u00e4ste<\/h3><div class='av-subheading av-subheading_below'><p>Die Casino Qualit\u00e4t kommt zu Ihnen<\/p>\n<\/div><div class=\"special-heading-border\"><div class=\"special-heading-inner-border\"><\/div><\/div><\/div>\n\n<style type=\"text\/css\" data-created_by=\"avia_inline_auto\" id=\"style-css-av-d38s6-04c8d473515462f61ec34bd0d95a53aa\">\n.flex_column.av-d38s6-04c8d473515462f61ec34bd0d95a53aa{\nborder-radius:0px 0px 0px 0px;\npadding:0px 0px 0px 0px;\n}\n<\/style>\n<div  class='flex_column av-d38s6-04c8d473515462f61ec34bd0d95a53aa av_one_half  avia-builder-el-3  el_after_av_heading  el_before_av_one_half  first flex_column_div av-zero-column-padding  '     ><section  class='av_textblock_section av-jnordoij-f3ef14f8290e091cc9b60e6d5cce4a02 '   itemscope=\"itemscope\" itemtype=\"https:\/\/schema.org\/CreativeWork\" ><div class='avia_textblock'  itemprop=\"text\" ><p>Unser professionelles Catering-Team macht Ihr Event f\u00fcr Sie und Ihre G\u00e4ste zum einmaligen Erlebnis. Ob bei Ihnen zuhause ganz privat oder als spektakul\u00e4res Event in Ihrer Firma: Als Fullservice-Partner \u00fcbernehmen wir f\u00fcr Sie auf Wunsch die Organisation aller Gewerke. Gerne vermitteln wir auch Hallen auf dem Weltkulturerbe Zollverein.<\/p>\n<\/div><\/section><\/div>\n<style type=\"text\/css\" data-created_by=\"avia_inline_auto\" id=\"style-css-av-a11ym-8135267356fad94a7387c4d8ec977f16\">\n.flex_column.av-a11ym-8135267356fad94a7387c4d8ec977f16{\nborder-radius:0px 0px 0px 0px;\npadding:0px 0px 0px 0px;\n}\n<\/style>\n<div  class='flex_column av-a11ym-8135267356fad94a7387c4d8ec977f16 av_one_half  avia-builder-el-5  el_after_av_one_half  el_before_av_hr  flex_column_div av-zero-column-padding  '     ><p>\n<style type=\"text\/css\" data-created_by=\"avia_inline_auto\" id=\"style-css-av-jnorh14t-d3b27c37221a79834fe3cd95a5ac27df\">\n.avia-image-container.av-jnorh14t-d3b27c37221a79834fe3cd95a5ac27df img.avia_image{\nbox-shadow:none;\n}\n.avia-image-container.av-jnorh14t-d3b27c37221a79834fe3cd95a5ac27df .av-image-caption-overlay-center{\ncolor:#ffffff;\n}\n<\/style>\n<div  class='avia-image-container av-jnorh14t-d3b27c37221a79834fe3cd95a5ac27df av-styling- av-hover-grow avia_animated_image av-animated-when-visible-95 pop-up avia-align-left  avia-builder-el-6  el_before_av_textblock  avia-builder-el-first '   itemprop=\"image\" itemscope=\"itemscope\" itemtype=\"https:\/\/schema.org\/ImageObject\" ><div class=\"avia-image-container-inner\"><div class=\"avia-image-overlay-wrap\"><img fetchpriority=\"high\" class='wp-image-365 avia-img-lazy-loading-not-365 avia_image ' src='https:\/\/casino-zollverein.de\/wp-content\/uploads\/2018\/10\/catering-zollverein-essen.jpg' alt='' title='catering-zollverein-essen'  height=\"600\" width=\"900\"  itemprop=\"thumbnailUrl\"  \/><\/div><\/div><\/div><br \/>\n<section  class='av_textblock_section av-jnore01u-b4f713828e3a317741be62924503d3fe '   itemscope=\"itemscope\" itemtype=\"https:\/\/schema.org\/CreativeWork\" ><div class='avia_textblock'  itemprop=\"text\" ><\/div><\/section><\/p><\/div><\/p>\n\n<style type=\"text\/css\" data-created_by=\"avia_inline_auto\" id=\"style-css-av-jiez20a4-3f02d4d6576ea1079afd24dcba4e2cf6\">\n#top .hr.av-jiez20a4-3f02d4d6576ea1079afd24dcba4e2cf6{\nmargin-top:30px;\nmargin-bottom:30px;\n}\n.hr.av-jiez20a4-3f02d4d6576ea1079afd24dcba4e2cf6 .hr-inner{\nwidth:50px;\nborder-color:rgba(255,255,255,0.01);\nmax-width:45%;\n}\n<\/style>\n<div  class='hr av-jiez20a4-3f02d4d6576ea1079afd24dcba4e2cf6 hr-custom  avia-builder-el-8  el_after_av_one_half  avia-builder-el-last  hr-center hr-icon-yes'><span class='hr-inner inner-border-av-border-thin'><span class=\"hr-inner-style\"><\/span><\/span><span class='av-seperator-icon avia-iconfont avia-font-entypo-fontello' data-av_icon='\ue808' data-av_iconfont='entypo-fontello' ><\/span><span class='hr-inner inner-border-av-border-thin'><span class=\"hr-inner-style\"><\/span><\/span><\/div>\n","protected":false},"excerpt":{"rendered":"","protected":false},"author":3,"featured_media":0,"parent":0,"menu_order":0,"comment_status":"closed","ping_status":"closed","template":"","meta":{"footnotes":""},"class_list":["post-358","page","type-page","status-publish","hentry"],"yoast_head":"<!-- This site is optimized with the Yoast SEO plugin v27.1.1 - https:\/\/yoast.com\/product\/yoast-seo-wordpress\/ -->\n<title>Catering - Willkommen im Casino Zollverein<\/title>\n<meta name=\"robots\" content=\"index, follow, max-snippet:-1, max-image-preview:large, max-video-preview:-1\" \/>\n<link rel=\"canonical\" href=\"https:\/\/casino-zollverein.de\/index.php\/catering\/\" \/>\n<meta property=\"og:locale\" content=\"de_DE\" \/>\n<meta property=\"og:type\" content=\"article\" \/>\n<meta property=\"og:title\" content=\"Catering - Willkommen im Casino Zollverein\" \/>\n<meta property=\"og:url\" content=\"https:\/\/casino-zollverein.de\/index.php\/catering\/\" \/>\n<meta property=\"og:site_name\" content=\"Willkommen im Casino Zollverein\" \/>\n<meta property=\"article:modified_time\" content=\"2018-11-14T19:35:40+00:00\" \/>\n<meta name=\"twitter:card\" content=\"summary_large_image\" \/>\n<meta name=\"twitter:label1\" content=\"Gesch\u00e4tzte Lesezeit\" \/>\n\t<meta name=\"twitter:data1\" content=\"3\u00a0Minuten\" \/>\n<script type=\"application\/ld+json\" class=\"yoast-schema-graph\">{\"@context\":\"https:\/\/schema.org\",\"@graph\":[{\"@type\":\"WebPage\",\"@id\":\"https:\/\/casino-zollverein.de\/index.php\/catering\/\",\"url\":\"https:\/\/casino-zollverein.de\/index.php\/catering\/\",\"name\":\"Catering - Willkommen im Casino Zollverein\",\"isPartOf\":{\"@id\":\"https:\/\/casino-zollverein.de\/#website\"},\"datePublished\":\"2018-10-25T15:45:27+00:00\",\"dateModified\":\"2018-11-14T19:35:40+00:00\",\"breadcrumb\":{\"@id\":\"https:\/\/casino-zollverein.de\/index.php\/catering\/#breadcrumb\"},\"inLanguage\":\"de\",\"potentialAction\":[{\"@type\":\"ReadAction\",\"target\":[\"https:\/\/casino-zollverein.de\/index.php\/catering\/\"]}]},{\"@type\":\"BreadcrumbList\",\"@id\":\"https:\/\/casino-zollverein.de\/index.php\/catering\/#breadcrumb\",\"itemListElement\":[{\"@type\":\"ListItem\",\"position\":1,\"name\":\"Startseite\",\"item\":\"https:\/\/casino-zollverein.de\/\"},{\"@type\":\"ListItem\",\"position\":2,\"name\":\"Catering\"}]},{\"@type\":\"WebSite\",\"@id\":\"https:\/\/casino-zollverein.de\/#website\",\"url\":\"https:\/\/casino-zollverein.de\/\",\"name\":\"Willkommen im Casino Zollverein\",\"description\":\"Willkommen im Casino Zollverein\",\"potentialAction\":[{\"@type\":\"SearchAction\",\"target\":{\"@type\":\"EntryPoint\",\"urlTemplate\":\"https:\/\/casino-zollverein.de\/?s={search_term_string}\"},\"query-input\":{\"@type\":\"PropertyValueSpecification\",\"valueRequired\":true,\"valueName\":\"search_term_string\"}}],\"inLanguage\":\"de\"}]}<\/script>\n<!-- \/ Yoast SEO plugin. -->","yoast_head_json":{"title":"Catering - Willkommen im Casino Zollverein","robots":{"index":"index","follow":"follow","max-snippet":"max-snippet:-1","max-image-preview":"max-image-preview:large","max-video-preview":"max-video-preview:-1"},"canonical":"https:\/\/casino-zollverein.de\/index.php\/catering\/","og_locale":"de_DE","og_type":"article","og_title":"Catering - Willkommen im Casino Zollverein","og_url":"https:\/\/casino-zollverein.de\/index.php\/catering\/","og_site_name":"Willkommen im Casino Zollverein","article_modified_time":"2018-11-14T19:35:40+00:00","twitter_card":"summary_large_image","twitter_misc":{"Gesch\u00e4tzte Lesezeit":"3\u00a0Minuten"},"schema":{"@context":"https:\/\/schema.org","@graph":[{"@type":"WebPage","@id":"https:\/\/casino-zollverein.de\/index.php\/catering\/","url":"https:\/\/casino-zollverein.de\/index.php\/catering\/","name":"Catering - Willkommen im Casino Zollverein","isPartOf":{"@id":"https:\/\/casino-zollverein.de\/#website"},"datePublished":"2018-10-25T15:45:27+00:00","dateModified":"2018-11-14T19:35:40+00:00","breadcrumb":{"@id":"https:\/\/casino-zollverein.de\/index.php\/catering\/#breadcrumb"},"inLanguage":"de","potentialAction":[{"@type":"ReadAction","target":["https:\/\/casino-zollverein.de\/index.php\/catering\/"]}]},{"@type":"BreadcrumbList","@id":"https:\/\/casino-zollverein.de\/index.php\/catering\/#breadcrumb","itemListElement":[{"@type":"ListItem","position":1,"name":"Startseite","item":"https:\/\/casino-zollverein.de\/"},{"@type":"ListItem","position":2,"name":"Catering"}]},{"@type":"WebSite","@id":"https:\/\/casino-zollverein.de\/#website","url":"https:\/\/casino-zollverein.de\/","name":"Willkommen im Casino Zollverein","description":"Willkommen im Casino Zollverein","potentialAction":[{"@type":"SearchAction","target":{"@type":"EntryPoint","urlTemplate":"https:\/\/casino-zollverein.de\/?s={search_term_string}"},"query-input":{"@type":"PropertyValueSpecification","valueRequired":true,"valueName":"search_term_string"}}],"inLanguage":"de"}]}},"_links":{"self":[{"href":"https:\/\/casino-zollverein.de\/index.php\/wp-json\/wp\/v2\/pages\/358","targetHints":{"allow":["GET"]}}],"collection":[{"href":"https:\/\/casino-zollverein.de\/index.php\/wp-json\/wp\/v2\/pages"}],"about":[{"href":"https:\/\/casino-zollverein.de\/index.php\/wp-json\/wp\/v2\/types\/page"}],"author":[{"embeddable":true,"href":"https:\/\/casino-zollverein.de\/index.php\/wp-json\/wp\/v2\/users\/3"}],"replies":[{"embeddable":true,"href":"https:\/\/casino-zollverein.de\/index.php\/wp-json\/wp\/v2\/comments?post=358"}],"version-history":[{"count":6,"href":"https:\/\/casino-zollverein.de\/index.php\/wp-json\/wp\/v2\/pages\/358\/revisions"}],"predecessor-version":[{"id":428,"href":"https:\/\/casino-zollverein.de\/index.php\/wp-json\/wp\/v2\/pages\/358\/revisions\/428"}],"wp:attachment":[{"href":"https:\/\/casino-zollverein.de\/index.php\/wp-json\/wp\/v2\/media?parent=358"}],"curies":[{"name":"wp","href":"https:\/\/api.w.org\/{rel}","templated":true}]}}