{"id":14,"date":"2018-06-14T18:21:33","date_gmt":"2018-06-14T18:21:33","guid":{"rendered":"https:\/\/empirecouture.de\/?page_id=14"},"modified":"2025-11-28T20:16:00","modified_gmt":"2025-11-28T19:16:00","slug":"grillroom","status":"publish","type":"page","link":"https:\/\/casino-zollverein.de\/","title":{"rendered":"Das Casino"},"content":{"rendered":"<div   class='avia-fullscreen-slider main_color   avia-builder-el-0  el_before_av_hr  avia-builder-el-first  container_wrap sidebar_right'  ><div  class='avia-slideshow av-jnkefelo-196a7ff02f221f8ecc73e94c44287a16 avia-slideshow-no scaling av_fullscreen avia-fade-slider av-slideshow-ui av-control-default av-slideshow-autoplay av-loop-endless av-loop-manual-endless av-default-height-applied   avia-slideshow-1' data-slideshow-options=\"{&quot;animation&quot;:&quot;fade&quot;,&quot;autoplay&quot;:true,&quot;loop_autoplay&quot;:&quot;endless&quot;,&quot;interval&quot;:3,&quot;loop_manual&quot;:&quot;manual-endless&quot;,&quot;autoplay_stopper&quot;:false,&quot;noNavigation&quot;:false,&quot;bg_slider&quot;:true,&quot;keep_padding&quot;:false,&quot;hoverpause&quot;:false,&quot;show_slide_delay&quot;:0,&quot;slide_height&quot;:&quot;100&quot;,&quot;image_attachment&quot;:&quot;&quot;}\"  itemprop=\"image\" itemscope=\"itemscope\" itemtype=\"https:\/\/schema.org\/ImageObject\" ><ul class='avia-slideshow-inner ' style='padding-bottom: 65.24%;'><li style='background-position:center center;' data-img-url='https:\/\/casino-zollverein.de\/wp-content\/uploads\/2019\/02\/01.jpg' class='avia-slideshow-slide av-jnkefelo-196a7ff02f221f8ecc73e94c44287a16__0  slide-1 slide-odd'><div data-rel='slideshow-1' class='avia-slide-wrap '   ><\/div><\/li><li style='background-position:center center;' data-img-url='https:\/\/casino-zollverein.de\/wp-content\/uploads\/2019\/02\/02.jpg' class='avia-slideshow-slide av-jnkefelo-196a7ff02f221f8ecc73e94c44287a16__1  slide-2 slide-even'><div data-rel='slideshow-1' class='avia-slide-wrap '   ><\/div><\/li><li style='background-position:center center;' data-img-url='https:\/\/casino-zollverein.de\/wp-content\/uploads\/2019\/02\/03.jpg' class='avia-slideshow-slide av-jnkefelo-196a7ff02f221f8ecc73e94c44287a16__2  slide-3 slide-odd'><div data-rel='slideshow-1' class='avia-slide-wrap '   ><\/div><\/li><li style='background-position:center center;' data-img-url='https:\/\/casino-zollverein.de\/wp-content\/uploads\/2019\/02\/04.jpg' class='avia-slideshow-slide av-jnkefelo-196a7ff02f221f8ecc73e94c44287a16__3  slide-4 slide-even'><div data-rel='slideshow-1' class='avia-slide-wrap '   ><\/div><\/li><li style='background-position:center center;' data-img-url='https:\/\/casino-zollverein.de\/wp-content\/uploads\/2019\/02\/05.jpg' class='avia-slideshow-slide av-jnkefelo-196a7ff02f221f8ecc73e94c44287a16__4  slide-5 slide-odd'><div data-rel='slideshow-1' class='avia-slide-wrap '   ><\/div><\/li><li style='background-position:center center;' data-img-url='https:\/\/casino-zollverein.de\/wp-content\/uploads\/2019\/02\/10.jpg' class='avia-slideshow-slide av-jnkefelo-196a7ff02f221f8ecc73e94c44287a16__5  slide-6 slide-even'><div data-rel='slideshow-1' class='avia-slide-wrap '   ><\/div><\/li><li style='background-position:center center;' data-img-url='https:\/\/casino-zollverein.de\/wp-content\/uploads\/2019\/02\/09.jpg' class='avia-slideshow-slide av-jnkefelo-196a7ff02f221f8ecc73e94c44287a16__6  slide-7 slide-odd'><div data-rel='slideshow-1' class='avia-slide-wrap '   ><\/div><\/li><li style='background-position:center center;' data-img-url='https:\/\/casino-zollverein.de\/wp-content\/uploads\/2019\/02\/08.jpg' class='avia-slideshow-slide av-jnkefelo-196a7ff02f221f8ecc73e94c44287a16__7  slide-8 slide-even'><div data-rel='slideshow-1' class='avia-slide-wrap '   ><\/div><\/li><li style='background-position:center center;' data-img-url='https:\/\/casino-zollverein.de\/wp-content\/uploads\/2019\/02\/07.jpg' class='avia-slideshow-slide av-jnkefelo-196a7ff02f221f8ecc73e94c44287a16__8  slide-9 slide-odd'><div data-rel='slideshow-1' class='avia-slide-wrap '   ><\/div><\/li><li style='background-position:center center;' data-img-url='https:\/\/casino-zollverein.de\/wp-content\/uploads\/2019\/02\/05.jpg' class='avia-slideshow-slide av-jnkefelo-196a7ff02f221f8ecc73e94c44287a16__9  slide-10 slide-even'><div data-rel='slideshow-1' class='avia-slide-wrap '   ><\/div><\/li><\/ul><div class='avia-slideshow-arrows avia-slideshow-controls' ><a href='#prev' class='prev-slide  avia-svg-icon avia-font-svg_entypo-fontello' data-av_svg_icon='left-open-big' data-av_iconset='svg_entypo-fontello' tabindex='-1' title=\"Zur\u00fcck\"><svg version=\"1.1\" xmlns=\"http:\/\/www.w3.org\/2000\/svg\" width=\"15\" height=\"32\" viewBox=\"0 0 15 32\" preserveAspectRatio=\"xMidYMid meet\" aria-labelledby='av-svg-title-1' aria-describedby='av-svg-desc-1' role=\"graphics-symbol\" aria-hidden=\"true\">\n<title id='av-svg-title-1'>Zur\u00fcck<\/title>\n<desc id='av-svg-desc-1'>Zur\u00fcck<\/desc>\n<path d=\"M14.464 27.84q0.832 0.832 0 1.536-0.832 0.832-1.536 0l-12.544-12.608q-0.768-0.768 0-1.6l12.544-12.608q0.704-0.832 1.536 0 0.832 0.704 0 1.536l-11.456 11.904z\"><\/path>\n<\/svg><span class='avia_hidden_link_text'>Zur\u00fcck<\/span><\/a><a href='#next' class='next-slide  avia-svg-icon avia-font-svg_entypo-fontello' data-av_svg_icon='right-open-big' data-av_iconset='svg_entypo-fontello' tabindex='-1' title=\"Weiter\"><svg version=\"1.1\" xmlns=\"http:\/\/www.w3.org\/2000\/svg\" width=\"15\" height=\"32\" viewBox=\"0 0 15 32\" preserveAspectRatio=\"xMidYMid meet\" aria-labelledby='av-svg-title-2' aria-describedby='av-svg-desc-2' role=\"graphics-symbol\" aria-hidden=\"true\">\n<title id='av-svg-title-2'>Weiter<\/title>\n<desc id='av-svg-desc-2'>Weiter<\/desc>\n<path d=\"M0.416 27.84l11.456-11.84-11.456-11.904q-0.832-0.832 0-1.536 0.832-0.832 1.536 0l12.544 12.608q0.768 0.832 0 1.6l-12.544 12.608q-0.704 0.832-1.536 0-0.832-0.704 0-1.536z\"><\/path>\n<\/svg><span class='avia_hidden_link_text'>Weiter<\/span><\/a><\/div><div class='avia-slideshow-dots avia-slideshow-controls'><a href='#1' class='goto-slide active' >1<\/a><a href='#2' class='goto-slide ' >2<\/a><a href='#3' class='goto-slide ' >3<\/a><a href='#4' class='goto-slide ' >4<\/a><a href='#5' class='goto-slide ' >5<\/a><a href='#6' class='goto-slide ' >6<\/a><a href='#7' class='goto-slide ' >7<\/a><a href='#8' class='goto-slide ' >8<\/a><a href='#9' class='goto-slide ' >9<\/a><a href='#10' class='goto-slide ' >10<\/a><\/div><\/div><\/div><div id='after_full_slider_1'  class='main_color av_default_container_wrap container_wrap sidebar_right'  ><div class='container av-section-cont-open' ><div class='template-page content  av-content-small alpha units'><div class='post-entry post-entry-type-page post-entry-14'><div class='entry-content-wrapper clearfix'>\n\n<style type=\"text\/css\" data-created_by=\"avia_inline_auto\" id=\"style-css-av-jiez20a4-3f02d4d6576ea1079afd24dcba4e2cf6\">\n#top .hr.av-jiez20a4-3f02d4d6576ea1079afd24dcba4e2cf6{\nmargin-top:30px;\nmargin-bottom:30px;\n}\n.hr.av-jiez20a4-3f02d4d6576ea1079afd24dcba4e2cf6 .hr-inner{\nwidth:50px;\nborder-color:rgba(255,255,255,0.01);\nmax-width:45%;\n}\n<\/style>\n<div  class='hr av-jiez20a4-3f02d4d6576ea1079afd24dcba4e2cf6 hr-custom  avia-builder-el-1  el_after_av_fullscreen  el_before_av_heading  avia-builder-el-first  hr-center hr-icon-yes'><span class='hr-inner inner-border-av-border-thin'><span class=\"hr-inner-style\"><\/span><\/span><span class='av-seperator-icon avia-iconfont avia-font-entypo-fontello' data-av_icon='\ue808' data-av_iconfont='entypo-fontello' ><\/span><span class='hr-inner inner-border-av-border-thin'><span class=\"hr-inner-style\"><\/span><\/span><\/div>\n\n<style type=\"text\/css\" data-created_by=\"avia_inline_auto\" id=\"style-css-av-14yjq-67f66ad84b520fde3323d25e0e593700\">\n#top .av-special-heading.av-14yjq-67f66ad84b520fde3323d25e0e593700{\npadding-bottom:10px;\n}\nbody .av-special-heading.av-14yjq-67f66ad84b520fde3323d25e0e593700 .av-special-heading-tag .heading-char{\nfont-size:25px;\n}\n.av-special-heading.av-14yjq-67f66ad84b520fde3323d25e0e593700 .av-subheading{\nfont-size:15px;\n}\n<\/style>\n<div  class='av-special-heading av-14yjq-67f66ad84b520fde3323d25e0e593700 av-special-heading-h3 blockquote modern-quote  avia-builder-el-2  el_after_av_hr  el_before_av_one_half '><h3 class='av-special-heading-tag '  itemprop=\"headline\"  >Im Ort voller Gegens\u00e4tze treffen sich Mythos und Moderne.<\/h3><div class=\"special-heading-border\"><div class=\"special-heading-inner-border\"><\/div><\/div><\/div>\n\n<style type=\"text\/css\" data-created_by=\"avia_inline_auto\" id=\"style-css-av-1qn9a-c7d545cb2ea9d5dc23bbef9f1f3173b4\">\n.flex_column.av-1qn9a-c7d545cb2ea9d5dc23bbef9f1f3173b4{\nborder-radius:0px 0px 0px 0px;\npadding:0px 0px 0px 0px;\n}\n<\/style>\n<div  class='flex_column av-1qn9a-c7d545cb2ea9d5dc23bbef9f1f3173b4 av_one_half  avia-builder-el-3  el_after_av_heading  el_before_av_one_half  first flex_column_div av-zero-column-padding  '     ><section  class='av_textblock_section av-jievy8xd-c2b81c99825ceaac4c2e7b1af9a8b09b '   itemscope=\"itemscope\" itemtype=\"https:\/\/schema.org\/CreativeWork\" ><div class='avia_textblock'  itemprop=\"text\" ><p>Zwischen massiven Betonpfeilern und dem riesigen Kompressorkessel versp\u00fcren Sie die Einmaligkeit des Weltkulturerbes Zollverein. \u00a0In diesem Ambiente erleben Sie moderne Gastronomie mit lockerer Atmosph\u00e4re und anspruchsvoller Ruhrpott-Kulinarik. Dabei spielt die Qualit\u00e4t und der Umgang mit den Produkten f\u00fcr uns die Hauptrolle.<\/p>\n<\/div><\/section><\/div>\n\n<style type=\"text\/css\" data-created_by=\"avia_inline_auto\" id=\"style-css-av-xcs6-568d15b8379ad26b09dec54098bb68a2\">\n.flex_column.av-xcs6-568d15b8379ad26b09dec54098bb68a2{\nborder-radius:0px 0px 0px 0px;\npadding:0px 0px 0px 0px;\n}\n<\/style>\n<div  class='flex_column av-xcs6-568d15b8379ad26b09dec54098bb68a2 av_one_half  avia-builder-el-5  el_after_av_one_half  el_before_av_hr  flex_column_div av-zero-column-padding  '     ><\/div>\n\n<style type=\"text\/css\" data-created_by=\"avia_inline_auto\" id=\"style-css-av-jiez20a4-4-38922084dce766bed1ba486e5e333696\">\n#top .hr.av-jiez20a4-4-38922084dce766bed1ba486e5e333696{\nmargin-top:30px;\nmargin-bottom:30px;\n}\n.hr.av-jiez20a4-4-38922084dce766bed1ba486e5e333696 .hr-inner{\nwidth:50px;\nborder-color:#000000;\nmax-width:45%;\n}\n<\/style>\n<div  class='hr av-jiez20a4-4-38922084dce766bed1ba486e5e333696 hr-custom  avia-builder-el-6  el_after_av_one_half  el_before_av_one_third  hr-center hr-icon-yes'><span class='hr-inner inner-border-av-border-thin'><span class=\"hr-inner-style\"><\/span><\/span><span class='av-seperator-icon avia-iconfont avia-font-entypo-fontello' data-av_icon='\ue808' data-av_iconfont='entypo-fontello' ><\/span><span class='hr-inner inner-border-av-border-thin'><span class=\"hr-inner-style\"><\/span><\/span><\/div>\n\n<style type=\"text\/css\" data-created_by=\"avia_inline_auto\" id=\"style-css-av-7c9we-cef538dd45bda823579e958a671e520d\">\n.flex_column.av-7c9we-cef538dd45bda823579e958a671e520d{\nborder-radius:0px 0px 0px 0px;\npadding:0px 0px 0px 0px;\n}\n<\/style>\n<div  class='flex_column av-7c9we-cef538dd45bda823579e958a671e520d av_one_third  avia-builder-el-7  el_after_av_hr  el_before_av_one_third  first flex_column_div av-zero-column-padding  '     ><\/div>\n\n<style type=\"text\/css\" data-created_by=\"avia_inline_auto\" id=\"style-css-av-7c9we-3-1fb58a37971e9a24f57847d7183acc57\">\n.flex_column.av-7c9we-3-1fb58a37971e9a24f57847d7183acc57{\nborder-radius:0px 0px 0px 0px;\npadding:0px 0px 0px 0px;\n}\n<\/style>\n<div  class='flex_column av-7c9we-3-1fb58a37971e9a24f57847d7183acc57 av_one_third  avia-builder-el-9  el_after_av_one_third  el_before_av_one_third  flex_column_div av-zero-column-padding  '     ><section  class='av_textblock_section av-k0gommac-7c86caddf416fdb7aac86987592918d8 '   itemscope=\"itemscope\" itemtype=\"https:\/\/schema.org\/CreativeWork\" ><div class='avia_textblock'  itemprop=\"text\" ><p><strong>F\u00fcr Veranstaltungen ab 15 Personen bitten wir Sie mit uns Kontakt aufzunehmen \u2013<br \/>\nF\u00fcr Veranstaltungen von 15 \u2013 150 Personen im Restaurant, ist Ihr Ansprechpartner:<\/strong><br \/>\nHerr Yanik Christian Herkenrath +49 201 830 24 22<br \/>\noder restaurant@casino-zollverein.de<\/p>\n<p><strong>F\u00fcr Veranstaltungen in unserer Eventhalle \u201eHalle9\u201c von bis zu 400 Personen, kontaktieren Sie gerne:<\/strong><br \/>\nFrau Ivona Hudaj +49 201 830 24 42 oder<br \/>\nFrau Kerstin Immich +49 201 830 24 81<br \/>\noder info@casino-zollverein.de<\/p>\n<\/div><\/section><\/div>\n\n<style type=\"text\/css\" data-created_by=\"avia_inline_auto\" id=\"style-css-av-7c9we-2-bad07157fc442670984f30157d090f52\">\n.flex_column.av-7c9we-2-bad07157fc442670984f30157d090f52{\nborder-radius:0px 0px 0px 0px;\npadding:0px 0px 0px 0px;\n}\n<\/style>\n<div  class='flex_column av-7c9we-2-bad07157fc442670984f30157d090f52 av_one_third  avia-builder-el-11  el_after_av_one_third  el_before_av_one_full  flex_column_div av-zero-column-padding  '     ><section  class='av_textblock_section av-k0gommac-1-50efe23c6fc7e579ba453eaa6e164c15 '   itemscope=\"itemscope\" itemtype=\"https:\/\/schema.org\/CreativeWork\" ><div class='avia_textblock'  itemprop=\"text\" ><p>Reservierung | \u00d6ffnungszeiten<\/p>\n<p>Casino Restaurant<\/p>\n<p>Montag Ruhetag<\/p>\n<p>Dienstag \u2013 Freitag<br \/>\n17:00 \u2013 22:00 Uhr<\/p>\n<p>Samstag<br \/>\n17:00 \u2013 22:00 Uhr<\/p>\n<p>Sonntag<br \/>\n10:30 \u2013 14:30 Uhr Brunch<br \/>\n17:30 \u2013 21:00 Uhr a la carte<\/p>\n<p>Kontaktieren Sie uns unter:<br \/>\nTel: +49 201.830 240<br \/>\ninfo@casino-zollverein.de<\/p>\n<p>Schacht XII \/ Halle A9<br \/>\nGelsenkirchener Stra\u00dfe 181<br \/>\n45309 Essen<\/p>\n<\/div><\/section><\/div>\n\n<style type=\"text\/css\" data-created_by=\"avia_inline_auto\" id=\"style-css-av-3p9m-a7a0c78cd324a5622a20c51362f25575\">\n.flex_column.av-3p9m-a7a0c78cd324a5622a20c51362f25575{\nborder-radius:0px 0px 0px 0px;\npadding:0px 0px 0px 0px;\n}\n<\/style>\n<div  class='flex_column av-3p9m-a7a0c78cd324a5622a20c51362f25575 av_one_full  avia-builder-el-13  el_after_av_one_third  avia-builder-el-last  first flex_column_div av-zero-column-padding  column-top-margin'     ><\/div>\n","protected":false},"excerpt":{"rendered":"","protected":false},"author":3,"featured_media":0,"parent":0,"menu_order":0,"comment_status":"closed","ping_status":"closed","template":"","meta":{"footnotes":""},"class_list":["post-14","page","type-page","status-publish","hentry"],"yoast_head":"<!-- This site is optimized with the Yoast SEO plugin v27.1.1 - https:\/\/yoast.com\/product\/yoast-seo-wordpress\/ -->\n<title>Das Casino - Willkommen im Casino Zollverein<\/title>\n<meta name=\"robots\" content=\"index, follow, max-snippet:-1, max-image-preview:large, max-video-preview:-1\" \/>\n<link rel=\"canonical\" href=\"https:\/\/casino-zollverein.de\/\" \/>\n<meta property=\"og:locale\" content=\"de_DE\" \/>\n<meta property=\"og:type\" content=\"article\" \/>\n<meta property=\"og:title\" content=\"Das Casino - Willkommen im Casino Zollverein\" \/>\n<meta property=\"og:url\" content=\"https:\/\/casino-zollverein.de\/\" \/>\n<meta property=\"og:site_name\" content=\"Willkommen im Casino Zollverein\" \/>\n<meta property=\"article:modified_time\" content=\"2025-11-28T19:16:00+00:00\" \/>\n<meta name=\"twitter:card\" content=\"summary_large_image\" \/>\n<meta name=\"twitter:label1\" content=\"Gesch\u00e4tzte Lesezeit\" \/>\n\t<meta name=\"twitter:data1\" content=\"1\u00a0Minute\" \/>\n<script type=\"application\/ld+json\" class=\"yoast-schema-graph\">{\"@context\":\"https:\/\/schema.org\",\"@graph\":[{\"@type\":\"WebPage\",\"@id\":\"https:\/\/casino-zollverein.de\/\",\"url\":\"https:\/\/casino-zollverein.de\/\",\"name\":\"Das Casino - Willkommen im Casino Zollverein\",\"isPartOf\":{\"@id\":\"https:\/\/casino-zollverein.de\/#website\"},\"datePublished\":\"2018-06-14T18:21:33+00:00\",\"dateModified\":\"2025-11-28T19:16:00+00:00\",\"breadcrumb\":{\"@id\":\"https:\/\/casino-zollverein.de\/#breadcrumb\"},\"inLanguage\":\"de\",\"potentialAction\":[{\"@type\":\"ReadAction\",\"target\":[\"https:\/\/casino-zollverein.de\/\"]}]},{\"@type\":\"BreadcrumbList\",\"@id\":\"https:\/\/casino-zollverein.de\/#breadcrumb\",\"itemListElement\":[{\"@type\":\"ListItem\",\"position\":1,\"name\":\"Startseite\",\"item\":\"https:\/\/casino-zollverein.de\/\"},{\"@type\":\"ListItem\",\"position\":2,\"name\":\"Das Casino\"}]},{\"@type\":\"WebSite\",\"@id\":\"https:\/\/casino-zollverein.de\/#website\",\"url\":\"https:\/\/casino-zollverein.de\/\",\"name\":\"Willkommen im Casino Zollverein\",\"description\":\"Willkommen im Casino Zollverein\",\"potentialAction\":[{\"@type\":\"SearchAction\",\"target\":{\"@type\":\"EntryPoint\",\"urlTemplate\":\"https:\/\/casino-zollverein.de\/?s={search_term_string}\"},\"query-input\":{\"@type\":\"PropertyValueSpecification\",\"valueRequired\":true,\"valueName\":\"search_term_string\"}}],\"inLanguage\":\"de\"}]}<\/script>\n<!-- \/ Yoast SEO plugin. -->","yoast_head_json":{"title":"Das Casino - Willkommen im Casino Zollverein","robots":{"index":"index","follow":"follow","max-snippet":"max-snippet:-1","max-image-preview":"max-image-preview:large","max-video-preview":"max-video-preview:-1"},"canonical":"https:\/\/casino-zollverein.de\/","og_locale":"de_DE","og_type":"article","og_title":"Das Casino - Willkommen im Casino Zollverein","og_url":"https:\/\/casino-zollverein.de\/","og_site_name":"Willkommen im Casino Zollverein","article_modified_time":"2025-11-28T19:16:00+00:00","twitter_card":"summary_large_image","twitter_misc":{"Gesch\u00e4tzte Lesezeit":"1\u00a0Minute"},"schema":{"@context":"https:\/\/schema.org","@graph":[{"@type":"WebPage","@id":"https:\/\/casino-zollverein.de\/","url":"https:\/\/casino-zollverein.de\/","name":"Das Casino - Willkommen im Casino Zollverein","isPartOf":{"@id":"https:\/\/casino-zollverein.de\/#website"},"datePublished":"2018-06-14T18:21:33+00:00","dateModified":"2025-11-28T19:16:00+00:00","breadcrumb":{"@id":"https:\/\/casino-zollverein.de\/#breadcrumb"},"inLanguage":"de","potentialAction":[{"@type":"ReadAction","target":["https:\/\/casino-zollverein.de\/"]}]},{"@type":"BreadcrumbList","@id":"https:\/\/casino-zollverein.de\/#breadcrumb","itemListElement":[{"@type":"ListItem","position":1,"name":"Startseite","item":"https:\/\/casino-zollverein.de\/"},{"@type":"ListItem","position":2,"name":"Das Casino"}]},{"@type":"WebSite","@id":"https:\/\/casino-zollverein.de\/#website","url":"https:\/\/casino-zollverein.de\/","name":"Willkommen im Casino Zollverein","description":"Willkommen im Casino Zollverein","potentialAction":[{"@type":"SearchAction","target":{"@type":"EntryPoint","urlTemplate":"https:\/\/casino-zollverein.de\/?s={search_term_string}"},"query-input":{"@type":"PropertyValueSpecification","valueRequired":true,"valueName":"search_term_string"}}],"inLanguage":"de"}]}},"_links":{"self":[{"href":"https:\/\/casino-zollverein.de\/index.php\/wp-json\/wp\/v2\/pages\/14","targetHints":{"allow":["GET"]}}],"collection":[{"href":"https:\/\/casino-zollverein.de\/index.php\/wp-json\/wp\/v2\/pages"}],"about":[{"href":"https:\/\/casino-zollverein.de\/index.php\/wp-json\/wp\/v2\/types\/page"}],"author":[{"embeddable":true,"href":"https:\/\/casino-zollverein.de\/index.php\/wp-json\/wp\/v2\/users\/3"}],"replies":[{"embeddable":true,"href":"https:\/\/casino-zollverein.de\/index.php\/wp-json\/wp\/v2\/comments?post=14"}],"version-history":[{"count":215,"href":"https:\/\/casino-zollverein.de\/index.php\/wp-json\/wp\/v2\/pages\/14\/revisions"}],"predecessor-version":[{"id":1305,"href":"https:\/\/casino-zollverein.de\/index.php\/wp-json\/wp\/v2\/pages\/14\/revisions\/1305"}],"wp:attachment":[{"href":"https:\/\/casino-zollverein.de\/index.php\/wp-json\/wp\/v2\/media?parent=14"}],"curies":[{"name":"wp","href":"https:\/\/api.w.org\/{rel}","templated":true}]}}